{"id":239,"date":"2026-04-14T09:39:18","date_gmt":"2026-04-14T09:39:18","guid":{"rendered":"https:\/\/robbe-architecture.com\/?page_id=239"},"modified":"2026-04-21T13:52:40","modified_gmt":"2026-04-21T13:52:40","slug":"projets-archi","status":"publish","type":"page","link":"https:\/\/robbe-architecture.com\/index.php\/projets-archi\/","title":{"rendered":"Architecture"},"content":{"rendered":"\n<div class=\"wp-block-media-text is-stacked-on-mobile\" style=\"grid-template-columns:20% auto\"><figure class=\"wp-block-media-text__media\"><a href=\"https:\/\/robbe-architecture.com\/index.php\/construction-de-498-logement-et-9-commerces\/\" target=\"_blank\" rel=\" noreferrer noopener\"><img loading=\"lazy\" decoding=\"async\" width=\"652\" height=\"331\" src=\"http:\/\/robbe-architecture.com\/wp-content\/uploads\/2026\/04\/01-mini-projet.jpg\" alt=\"\" class=\"wp-image-151 size-full\" srcset=\"https:\/\/robbe-architecture.com\/wp-content\/uploads\/2026\/04\/01-mini-projet.jpg 652w, https:\/\/robbe-architecture.com\/wp-content\/uploads\/2026\/04\/01-mini-projet-300x152.jpg 300w, https:\/\/robbe-architecture.com\/wp-content\/uploads\/2026\/04\/01-mini-projet-200x102.jpg 200w\" sizes=\"auto, (max-width: 652px) 100vw, 652px\" \/><\/a><\/figure><div class=\"wp-block-media-text__content\">\n<p class=\"has-text-align-left has-literata-font-family\" style=\"padding-top:0;padding-right:0;padding-bottom:0;padding-left:0;font-size:clamp(0.875rem, 0.875rem + ((1vw - 0.2rem) * 0.196), 1rem);font-style:normal;font-weight:600\"><a href=\"https:\/\/robbe-architecture.com\/index.php\/construction-de-498-logement-et-9-commerces\/\" data-type=\"page\" data-id=\"289\">Construction de 498 Logements et 9 Commerces<\/a><\/p>\n\n\n\n<p class=\"has-text-align-left has-literata-font-family has-small-font-size\" style=\"font-style:normal;font-weight:300\">Saint ouen sur Seine<\/p>\n\n\n\n<p class=\"has-literata-font-family has-small-font-size\">DGM Architectes et associ\u00e9s<\/p>\n<\/div><\/div>\n\n\n\n<div class=\"wp-block-media-text is-stacked-on-mobile\" style=\"grid-template-columns:20% auto\"><figure class=\"wp-block-media-text__media\"><a href=\"https:\/\/robbe-architecture.com\/index.php\/construction-de-118-logements-dune-creche-et-dune-ecole-de-musique\/\"><img loading=\"lazy\" decoding=\"async\" width=\"652\" height=\"331\" src=\"http:\/\/robbe-architecture.com\/wp-content\/uploads\/2026\/04\/01_00.jpg\" alt=\"\" class=\"wp-image-366 size-full\" srcset=\"https:\/\/robbe-architecture.com\/wp-content\/uploads\/2026\/04\/01_00.jpg 652w, https:\/\/robbe-architecture.com\/wp-content\/uploads\/2026\/04\/01_00-300x152.jpg 300w\" sizes=\"auto, (max-width: 652px) 100vw, 652px\" \/><\/a><\/figure><div class=\"wp-block-media-text__content\">\n<p class=\"has-text-align-left has-literata-font-family\" style=\"padding-top:0;padding-right:0;padding-bottom:0;padding-left:0;font-size:clamp(0.875rem, 0.875rem + ((1vw - 0.2rem) * 0.196), 1rem);font-style:normal;font-weight:600\"><a href=\"https:\/\/robbe-architecture.com\/index.php\/construction-de-118-logements-dune-creche-et-dune-ecole-de-musique\/\">Construction de 116 Logements, d&#8217;une cr\u00e8che et d&#8217;une \u00e9cole de musique<\/a><\/p>\n\n\n\n<p class=\"has-text-align-left has-literata-font-family has-small-font-size\" style=\"font-style:normal;font-weight:300\">Joinville le Pont<\/p>\n\n\n\n<p class=\"has-literata-font-family has-small-font-size\">DGM Architectes et associ\u00e9s<\/p>\n<\/div><\/div>\n\n\n\n<div class=\"wp-block-media-text is-stacked-on-mobile\" style=\"grid-template-columns:20% auto\"><figure class=\"wp-block-media-text__media\"><a href=\"http:\/\/robbe-architecture.com\/index.php\/construction-de-426-logements-et-dun-commerce\/\"><img loading=\"lazy\" decoding=\"async\" width=\"652\" height=\"331\" src=\"http:\/\/robbe-architecture.com\/wp-content\/uploads\/2026\/04\/02-00.jpg\" alt=\"\" class=\"wp-image-417 size-full\" srcset=\"https:\/\/robbe-architecture.com\/wp-content\/uploads\/2026\/04\/02-00.jpg 652w, https:\/\/robbe-architecture.com\/wp-content\/uploads\/2026\/04\/02-00-300x152.jpg 300w\" sizes=\"auto, (max-width: 652px) 100vw, 652px\" \/><\/a><\/figure><div class=\"wp-block-media-text__content\">\n<p class=\"has-text-align-left has-literata-font-family\" style=\"padding-top:0;padding-right:0;padding-bottom:0;padding-left:0;font-size:clamp(0.875rem, 0.875rem + ((1vw - 0.2rem) * 0.196), 1rem);font-style:normal;font-weight:600\"><a href=\"http:\/\/robbe-architecture.com\/index.php\/construction-de-426-logements-et-dun-commerce\/\" data-type=\"page\" data-id=\"398\">Construction de 426 logements et d&#8217;un commerce<\/a><\/p>\n\n\n\n<p class=\"has-text-align-left has-literata-font-family has-small-font-size\" style=\"font-style:normal;font-weight:300\">Clichy la garenne<\/p>\n\n\n\n<p class=\"has-literata-font-family has-small-font-size\">DGM Architectes et associ\u00e9s<\/p>\n<\/div><\/div>\n\n\n\n<div class=\"wp-block-media-text is-stacked-on-mobile\" style=\"grid-template-columns:20% auto\"><figure class=\"wp-block-media-text__media\"><a href=\"http:\/\/robbe-architecture.com\/index.php\/construction-de-100-logements-etudiants-200-logements-un-hypermarche-et-3-commerces\/\"><img loading=\"lazy\" decoding=\"async\" width=\"652\" height=\"331\" src=\"http:\/\/robbe-architecture.com\/wp-content\/uploads\/2026\/04\/03-00-1.jpg\" alt=\"\" class=\"wp-image-495 size-full\" srcset=\"https:\/\/robbe-architecture.com\/wp-content\/uploads\/2026\/04\/03-00-1.jpg 652w, https:\/\/robbe-architecture.com\/wp-content\/uploads\/2026\/04\/03-00-1-300x152.jpg 300w\" sizes=\"auto, (max-width: 652px) 100vw, 652px\" \/><\/a><\/figure><div class=\"wp-block-media-text__content\">\n<p class=\"has-text-align-left has-literata-font-family\" style=\"padding-top:0;padding-right:0;padding-bottom:0;padding-left:0;font-size:clamp(0.875rem, 0.875rem + ((1vw - 0.2rem) * 0.196), 1rem);font-style:normal;font-weight:600\"><a href=\"http:\/\/robbe-architecture.com\/index.php\/construction-de-100-logements-etudiants-200-logements-un-hypermarche-et-3-commerces\/\" data-type=\"page\" data-id=\"492\">Construction de 100 logements \u00e9tudiants, 200 logements, un hypermarch\u00e9 et 3 commerces<\/a><\/p>\n\n\n\n<p class=\"has-text-align-left has-literata-font-family has-small-font-size\" style=\"font-style:normal;font-weight:300\">Colombes<\/p>\n\n\n\n<p class=\"has-literata-font-family has-small-font-size\">DGM Architectes et associ\u00e9s<\/p>\n<\/div><\/div>\n\n\n\n<div class=\"wp-block-media-text is-stacked-on-mobile\" style=\"grid-template-columns:20% auto\"><figure class=\"wp-block-media-text__media\"><a href=\"https:\/\/robbe-architecture.com\/index.php\/construction-de-526-logements-et-5-commerces\/\"><img loading=\"lazy\" decoding=\"async\" width=\"652\" height=\"331\" src=\"http:\/\/robbe-architecture.com\/wp-content\/uploads\/2026\/04\/05-00.jpg\" alt=\"\" class=\"wp-image-553 size-full\" srcset=\"https:\/\/robbe-architecture.com\/wp-content\/uploads\/2026\/04\/05-00.jpg 652w, https:\/\/robbe-architecture.com\/wp-content\/uploads\/2026\/04\/05-00-300x152.jpg 300w\" sizes=\"auto, (max-width: 652px) 100vw, 652px\" \/><\/a><\/figure><div class=\"wp-block-media-text__content\">\n<p class=\"has-text-align-left has-literata-font-family\" style=\"padding-top:0;padding-right:0;padding-bottom:0;padding-left:0;font-size:clamp(0.875rem, 0.875rem + ((1vw - 0.2rem) * 0.196), 1rem);font-style:normal;font-weight:600\"> <a href=\"https:\/\/robbe-architecture.com\/index.php\/construction-de-526-logements-et-5-commerces\/\" data-type=\"page\" data-id=\"549\">Construction de 526 logements et 5 commerces<\/a><\/p>\n\n\n\n<p class=\"has-text-align-left has-literata-font-family has-small-font-size\" style=\"font-style:normal;font-weight:300\">Levallois-Perret<\/p>\n\n\n\n<p class=\"has-literata-font-family has-small-font-size\">DGM Architectes et associ\u00e9s<\/p>\n<\/div><\/div>\n\n\n\n<div class=\"wp-block-media-text is-stacked-on-mobile\" style=\"grid-template-columns:20% auto\"><figure class=\"wp-block-media-text__media\"><a href=\"https:\/\/robbe-architecture.com\/index.php\/construction-et-rehabilitation-coliving-logements-et-erp\/\"><img loading=\"lazy\" decoding=\"async\" width=\"652\" height=\"331\" src=\"http:\/\/robbe-architecture.com\/wp-content\/uploads\/2026\/04\/05-00-1.jpg\" alt=\"\" class=\"wp-image-570 size-full\" srcset=\"https:\/\/robbe-architecture.com\/wp-content\/uploads\/2026\/04\/05-00-1.jpg 652w, https:\/\/robbe-architecture.com\/wp-content\/uploads\/2026\/04\/05-00-1-300x152.jpg 300w\" sizes=\"auto, (max-width: 652px) 100vw, 652px\" \/><\/a><\/figure><div class=\"wp-block-media-text__content\">\n<p class=\"has-text-align-left has-literata-font-family\" style=\"padding-top:0;padding-right:0;padding-bottom:0;padding-left:0;font-size:clamp(0.875rem, 0.875rem + ((1vw - 0.2rem) * 0.196), 1rem);font-style:normal;font-weight:600\"><a href=\"https:\/\/robbe-architecture.com\/index.php\/construction-et-rehabilitation-coliving-logements-et-erp\/\" data-type=\"page\" data-id=\"572\">Construction et r\u00e9habilitation: coliving, logements et ERP<\/a><\/p>\n\n\n\n<p class=\"has-text-align-left has-literata-font-family has-small-font-size\" style=\"font-style:normal;font-weight:300\">Levallois-Perret<\/p>\n\n\n\n<p class=\"has-literata-font-family has-small-font-size\">DGM Architectes et associ\u00e9s<\/p>\n<\/div><\/div>\n\n\n\n<div class=\"wp-block-media-text is-stacked-on-mobile\" style=\"grid-template-columns:20% auto\"><figure class=\"wp-block-media-text__media\"><a href=\"https:\/\/robbe-architecture.com\/index.php\/construction-de-350-logements-et-dune-creche\/\"><img loading=\"lazy\" decoding=\"async\" width=\"652\" height=\"331\" src=\"http:\/\/robbe-architecture.com\/wp-content\/uploads\/2026\/04\/07-00.jpg\" alt=\"\" class=\"wp-image-597 size-full\" srcset=\"https:\/\/robbe-architecture.com\/wp-content\/uploads\/2026\/04\/07-00.jpg 652w, https:\/\/robbe-architecture.com\/wp-content\/uploads\/2026\/04\/07-00-300x152.jpg 300w\" sizes=\"auto, (max-width: 652px) 100vw, 652px\" \/><\/a><\/figure><div class=\"wp-block-media-text__content\">\n<p class=\"has-text-align-left has-literata-font-family\" style=\"padding-top:0;padding-right:0;padding-bottom:0;padding-left:0;font-size:clamp(0.875rem, 0.875rem + ((1vw - 0.2rem) * 0.196), 1rem);font-style:normal;font-weight:600\"><a href=\"https:\/\/robbe-architecture.com\/index.php\/construction-de-350-logements-et-dune-creche\/\" data-type=\"page\" data-id=\"582\">Construction de 350 logements et d\u2019une cr\u00e8che<\/a><\/p>\n\n\n\n<p class=\"has-text-align-left has-literata-font-family has-small-font-size\" style=\"font-style:normal;font-weight:300\">Puteaux<\/p>\n\n\n\n<p class=\"has-literata-font-family has-small-font-size\">DGM Architectes et associ\u00e9s<\/p>\n<\/div><\/div>\n","protected":false},"excerpt":{"rendered":"<p>Construction de 498 Logements et 9 Commerces Saint ouen sur Seine DGM Architectes et associ\u00e9s Construction de 116 Logements, d&#8217;une cr\u00e8che et d&#8217;une \u00e9cole de musique Joinville le Pont DGM Architectes et associ\u00e9s Construction de 426 logements et d&#8217;un commerce Clichy la garenne DGM Architectes et associ\u00e9s Construction de 100 logements \u00e9tudiants, 200 logements, un [&hellip;]<\/p>\n","protected":false},"author":1,"featured_media":0,"parent":0,"menu_order":0,"comment_status":"closed","ping_status":"closed","template":"page-archi","meta":{"footnotes":""},"class_list":["post-239","page","type-page","status-publish","hentry"],"_links":{"self":[{"href":"https:\/\/robbe-architecture.com\/index.php\/wp-json\/wp\/v2\/pages\/239","targetHints":{"allow":["GET"]}}],"collection":[{"href":"https:\/\/robbe-architecture.com\/index.php\/wp-json\/wp\/v2\/pages"}],"about":[{"href":"https:\/\/robbe-architecture.com\/index.php\/wp-json\/wp\/v2\/types\/page"}],"author":[{"embeddable":true,"href":"https:\/\/robbe-architecture.com\/index.php\/wp-json\/wp\/v2\/users\/1"}],"replies":[{"embeddable":true,"href":"https:\/\/robbe-architecture.com\/index.php\/wp-json\/wp\/v2\/comments?post=239"}],"version-history":[{"count":28,"href":"https:\/\/robbe-architecture.com\/index.php\/wp-json\/wp\/v2\/pages\/239\/revisions"}],"predecessor-version":[{"id":600,"href":"https:\/\/robbe-architecture.com\/index.php\/wp-json\/wp\/v2\/pages\/239\/revisions\/600"}],"wp:attachment":[{"href":"https:\/\/robbe-architecture.com\/index.php\/wp-json\/wp\/v2\/media?parent=239"}],"curies":[{"name":"wp","href":"https:\/\/api.w.org\/{rel}","templated":true}]}}